


{"id":7059,"date":"2024-01-11T21:49:25","date_gmt":"2024-01-11T20:49:25","guid":{"rendered":"https:\/\/www.zupa-ubdm-biskupec.hr\/?page_id=7059"},"modified":"2024-01-15T22:37:07","modified_gmt":"2024-01-15T21:37:07","slug":"rijec-zupnika","status":"publish","type":"page","link":"https:\/\/www.zupa-ubdm-biskupec.hr\/?page_id=7059","title":{"rendered":"Rije\u010d \u017eupnika"},"content":{"rendered":"\t\t<div data-elementor-type=\"wp-page\" data-elementor-id=\"7059\" class=\"elementor elementor-7059\">\n\t\t\t\t\t\t<section class=\"elementor-section elementor-top-section elementor-element elementor-element-24e4b6c8 elementor-section-content-middle elementor-section-boxed elementor-section-height-default elementor-section-height-default\" data-id=\"24e4b6c8\" data-element_type=\"section\" data-e-type=\"section\" data-settings=\"{&quot;background_background&quot;:&quot;classic&quot;}\">\n\t\t\t\t\t\t\t<div class=\"elementor-background-overlay\"><\/div>\n\t\t\t\t\t\t\t<div class=\"elementor-container elementor-column-gap-no\">\n\t\t\t\t\t<div class=\"elementor-column elementor-col-100 elementor-top-column elementor-element elementor-element-530b83ef\" data-id=\"530b83ef\" data-element_type=\"column\" data-e-type=\"column\">\n\t\t\t<div class=\"elementor-widget-wrap elementor-element-populated\">\n\t\t\t\t\t\t<div class=\"elementor-element elementor-element-6c719efd elementor-widget elementor-widget-heading\" data-id=\"6c719efd\" data-element_type=\"widget\" data-e-type=\"widget\" data-widget_type=\"heading.default\">\n\t\t\t\t<div class=\"elementor-widget-container\">\n\t\t\t\t\t<h2 class=\"elementor-heading-title elementor-size-default\">POZDRAVNA RIJE\u010c \u017dUPNIKA<\/h2>\t\t\t\t<\/div>\n\t\t\t\t<\/div>\n\t\t\t\t\t<\/div>\n\t\t<\/div>\n\t\t\t\t\t<\/div>\n\t\t<\/section>\n\t\t\t\t<section class=\"elementor-section elementor-top-section elementor-element elementor-element-617f0681 elementor-section-content-middle elementor-section-full_width elementor-section-height-min-height elementor-section-height-default elementor-section-items-middle\" data-id=\"617f0681\" data-element_type=\"section\" data-e-type=\"section\">\n\t\t\t\t\t\t<div class=\"elementor-container elementor-column-gap-no\">\n\t\t\t\t\t<div class=\"elementor-column elementor-col-100 elementor-top-column elementor-element elementor-element-ec4491b\" data-id=\"ec4491b\" data-element_type=\"column\" data-e-type=\"column\">\n\t\t\t<div class=\"elementor-widget-wrap elementor-element-populated\">\n\t\t\t\t\t\t<div class=\"elementor-element elementor-element-28e4cf1b elementor-widget-divider--view-line elementor-widget elementor-widget-divider\" data-id=\"28e4cf1b\" data-element_type=\"widget\" data-e-type=\"widget\" data-widget_type=\"divider.default\">\n\t\t\t\t<div class=\"elementor-widget-container\">\n\t\t\t\t\t\t\t<div class=\"elementor-divider\">\n\t\t\t<span class=\"elementor-divider-separator\">\n\t\t\t\t\t\t<\/span>\n\t\t<\/div>\n\t\t\t\t\t\t<\/div>\n\t\t\t\t<\/div>\n\t\t\t\t\t<\/div>\n\t\t<\/div>\n\t\t\t\t\t<\/div>\n\t\t<\/section>\n\t\t\t\t<section class=\"elementor-section elementor-top-section elementor-element elementor-element-613ac87 elementor-section-content-middle elementor-section-full_width elementor-section-height-default elementor-section-height-default\" data-id=\"613ac87\" data-element_type=\"section\" data-e-type=\"section\">\n\t\t\t\t\t\t<div class=\"elementor-container elementor-column-gap-no\">\n\t\t\t\t\t<div class=\"elementor-column elementor-col-50 elementor-top-column elementor-element elementor-element-c61ad76\" data-id=\"c61ad76\" data-element_type=\"column\" data-e-type=\"column\">\n\t\t\t<div class=\"elementor-widget-wrap elementor-element-populated\">\n\t\t\t\t\t\t<div class=\"elementor-element elementor-element-83a9077 elementor-widget elementor-widget-image\" data-id=\"83a9077\" data-element_type=\"widget\" data-e-type=\"widget\" data-widget_type=\"image.default\">\n\t\t\t\t<div class=\"elementor-widget-container\">\n\t\t\t\t\t\t\t\t\t\t\t\t\t\t\t<img decoding=\"async\" src=\"https:\/\/www.zupa-ubdm-biskupec.hr\/wp-content\/uploads\/2024\/01\/prec_bobovec.jpg\" title=\"prec_bobovec\" alt=\"prec_bobovec\" loading=\"lazy\" \/>\t\t\t\t\t\t\t\t\t\t\t\t\t\t\t<\/div>\n\t\t\t\t<\/div>\n\t\t\t\t\t<\/div>\n\t\t<\/div>\n\t\t\t\t<div class=\"elementor-column elementor-col-50 elementor-top-column elementor-element elementor-element-2aaf789\" data-id=\"2aaf789\" data-element_type=\"column\" data-e-type=\"column\">\n\t\t\t<div class=\"elementor-widget-wrap elementor-element-populated\">\n\t\t\t\t\t\t<div class=\"elementor-element elementor-element-946cd81 elementor-widget__width-initial elementor-widget elementor-widget-text-editor\" data-id=\"946cd81\" data-element_type=\"widget\" data-e-type=\"widget\" data-widget_type=\"text-editor.default\">\n\t\t\t\t<div class=\"elementor-widget-container\">\n\t\t\t\t\t\t\t\t\t<p style=\"text-align: justify;\">Draga bra\u0107o i sestre, dragi moji \u017eupljani!<\/p><p style=\"text-align: justify;\">\u00a0<\/p><p style=\"text-align: left;\">\u00a0<\/p><p>\u017dupni\u010dku slu\u017ebu u ovoj drevnoj i uglednoj \u017eupi prihvatio sam iz poslu\u0161nosti biskupu koju sam obe\u0107ao u trenutku svoga sve\u0107eni\u010dkog re\u0111enja vjeruju\u0107i da se na taj na\u010din u kona\u010dnici zapravo pokoravam Bo\u017ejoj volji. A Bo\u017eja volja nas \u010desto, da ne reknem redovito, znade iznenaditi putovima i smjerovima koje, ljudski razmi\u0161ljaju\u0107i i govore\u0107i, nismo o\u010dekivali i kojima se nismo nadali. Istinu govore\u0107i i moj dosada\u0161nji sve\u0107eni\u010dki \u017eivot i\u0161ao je u smjeru koji nisam odredio ja, nego moji poglavari. Nakon sve\u0107eni\u010dkog re\u0111enja prije 28 godina, poslali su me na poslijediplomski studij u Rim nakon kojega mi je prvi vara\u017edinski biskup povjerio osnivanje biskupijske knji\u017enice i arhiva u kojima i danas djelujem kao predstojnik i voditelj. Kad sam 2016. postao kanonik novoosnovanoga kaptola u na\u0161oj katedrali, u kojoj sam pastoralno djelovao od svog dolaska u Vara\u017edin 2002., mislio sam da je to kolosijek kojim \u0107u mirno i sigurno prispjeti kraju svoje aktivne slu\u017ebe. Na jedno vrijeme kao da sam zaboravi na onu staru i mudru izreku: \u010covjek snuje, a Bog odre\u0111uje. Zbog nedostatka sve\u0107enika koji, na\u017ealost, sve vi\u0161e dolazi do izra\u017eaja i u Vara\u017edinskoj biskupiji, na\u0161 biskup, koji je du\u017ean imati pregled svih potreba u Biskupiji i voditi ra\u010duna o prioritetima, odlu\u010dio je da je do\u0161lo vrijeme da i sve\u0107enici koji imaju slu\u017ebe u sredi\u0161njim ustanovama biskupije po\u010dnu preuzimati \u017eupe. I tako me to temeljno sve\u0107eni\u010dko poslanje, koje me dosad zaobilazilo, zapalo u (pre)zreloj dobi. Svjestan svoje ljudske nesavr\u0161enosti, svojih ograni\u010denosti i svoga neiskustva u novoj slu\u017ebi ja kao vjernik i sve\u0107enik sve ovo \u0161to jesam, \u0161to znam i \u0161to mogu, koliko god to malo bilo, bez pridr\u017eaja stavljam na slu\u017ebu Bogu i vama ra\u010dunaju\u0107i prvenstveno na Bo\u017eju pomo\u0107 i va\u0161u otvorenost, strpljivost, povjerenje i suradnju. Znam da mi ne\u0107e biti mogu\u0107e zadovoljiti sva\u010dija o\u010dekivanja, ukuse i \u017eelje, pa se oko toga ne\u0107u ni truditi. Moje poslanje i moja ambicija je biti poslu\u017eitelj va\u0161e vjere, da se poslu\u017eim tim izrazom sv. Pavla, u\u010diniti sve \u0161to je u mojoj mo\u0107i da jedni s drugima i jedni po drugima rastemo u vjeri, nadi i ljubavi i da se po na\u0161em vjerni\u010dkom, crkvenom, \u017eupnom zajedni\u0161tvu jo\u0161 vi\u0161e me\u0111u nama \u0161iri i o\u010dituje Kraljevstvo Bo\u017eje. Ono \u0161to sam znao o ovoj \u017eupi i \u0161to mi je bila prva utjeha i ohrabrenje je \u010dinjenica da je \u017eupna crkva, sve tamo od svoga prvog povijesnog spomena prije 750. godina, posve\u0107ena Bla\u017eenoj Djevici Mariji, Majci Isusovoj i na\u0161oj majci u vjeri, \u010diju blizinu i za\u0161titu cijeli svoj \u017eivot sna\u017eno osje\u0107am. Njoj na poseban na\u010din povjeravam ovu svoju novu slu\u017ebu da bude i na njezinu \u010dast i slavu kao i na va\u0161e i moje posve\u0107enje i spasenje.<\/p><p>\u00a0<\/p><p>Va\u0161 \u017eupnik Damir!<\/p>\t\t\t\t\t\t\t\t<\/div>\n\t\t\t\t<\/div>\n\t\t\t\t\t<\/div>\n\t\t<\/div>\n\t\t\t\t\t<\/div>\n\t\t<\/section>\n\t\t\t\t<\/div>\n\t\t","protected":false},"excerpt":{"rendered":"<p>POZDRAVNA RIJE\u010c \u017dUPNIKA Draga bra\u0107o i sestre, dragi moji \u017eupljani! \u00a0 \u00a0 \u017dupni\u010dku slu\u017ebu u ovoj drevnoj i uglednoj [&hellip;]<\/p>\n","protected":false},"author":1,"featured_media":0,"parent":0,"menu_order":0,"comment_status":"closed","ping_status":"closed","template":"elementor_header_footer","meta":{"footnotes":""},"class_list":["post-7059","page","type-page","status-publish","hentry"],"aioseo_notices":[],"_links":{"self":[{"href":"https:\/\/www.zupa-ubdm-biskupec.hr\/index.php?rest_route=\/wp\/v2\/pages\/7059","targetHints":{"allow":["GET"]}}],"collection":[{"href":"https:\/\/www.zupa-ubdm-biskupec.hr\/index.php?rest_route=\/wp\/v2\/pages"}],"about":[{"href":"https:\/\/www.zupa-ubdm-biskupec.hr\/index.php?rest_route=\/wp\/v2\/types\/page"}],"author":[{"embeddable":true,"href":"https:\/\/www.zupa-ubdm-biskupec.hr\/index.php?rest_route=\/wp\/v2\/users\/1"}],"replies":[{"embeddable":true,"href":"https:\/\/www.zupa-ubdm-biskupec.hr\/index.php?rest_route=%2Fwp%2Fv2%2Fcomments&post=7059"}],"version-history":[{"count":71,"href":"https:\/\/www.zupa-ubdm-biskupec.hr\/index.php?rest_route=\/wp\/v2\/pages\/7059\/revisions"}],"predecessor-version":[{"id":7529,"href":"https:\/\/www.zupa-ubdm-biskupec.hr\/index.php?rest_route=\/wp\/v2\/pages\/7059\/revisions\/7529"}],"wp:attachment":[{"href":"https:\/\/www.zupa-ubdm-biskupec.hr\/index.php?rest_route=%2Fwp%2Fv2%2Fmedia&parent=7059"}],"curies":[{"name":"wp","href":"https:\/\/api.w.org\/{rel}","templated":true}]}}