


{"id":37,"date":"2014-03-02T16:31:05","date_gmt":"2014-03-02T15:31:05","guid":{"rendered":"http:\/\/www.zupa-biskupec.com\/w_p\/?page_id=37"},"modified":"2024-01-15T14:31:33","modified_gmt":"2024-01-15T13:31:33","slug":"zajednice-u-zupi-2","status":"publish","type":"page","link":"https:\/\/www.zupa-ubdm-biskupec.hr\/?page_id=37","title":{"rendered":"Zajednice u \u017eupi"},"content":{"rendered":"\t\t<div data-elementor-type=\"wp-page\" data-elementor-id=\"37\" class=\"elementor elementor-37\">\n\t\t\t\t\t\t<section class=\"elementor-section elementor-top-section elementor-element elementor-element-26144bc7 elementor-section-boxed elementor-section-height-default elementor-section-height-default\" data-id=\"26144bc7\" data-element_type=\"section\" data-e-type=\"section\">\n\t\t\t\t\t\t<div class=\"elementor-container elementor-column-gap-default\">\n\t\t\t\t\t<div class=\"elementor-column elementor-col-100 elementor-top-column elementor-element elementor-element-3efb0e3b\" data-id=\"3efb0e3b\" data-element_type=\"column\" data-e-type=\"column\">\n\t\t\t<div class=\"elementor-widget-wrap elementor-element-populated\">\n\t\t\t\t\t\t\t<\/div>\n\t\t<\/div>\n\t\t\t\t\t<\/div>\n\t\t<\/section>\n\t\t\t\t<section class=\"elementor-section elementor-top-section elementor-element elementor-element-654756ef elementor-section-content-middle elementor-section-boxed elementor-section-height-default elementor-section-height-default\" data-id=\"654756ef\" data-element_type=\"section\" data-e-type=\"section\" data-settings=\"{&quot;background_background&quot;:&quot;classic&quot;}\">\n\t\t\t\t\t\t\t<div class=\"elementor-background-overlay\"><\/div>\n\t\t\t\t\t\t\t<div class=\"elementor-container elementor-column-gap-no\">\n\t\t\t\t\t<div class=\"elementor-column elementor-col-100 elementor-top-column elementor-element elementor-element-3b851fe0\" data-id=\"3b851fe0\" data-element_type=\"column\" data-e-type=\"column\">\n\t\t\t<div class=\"elementor-widget-wrap elementor-element-populated\">\n\t\t\t\t\t\t<div class=\"elementor-element elementor-element-71af555 elementor-widget elementor-widget-heading\" data-id=\"71af555\" data-element_type=\"widget\" data-e-type=\"widget\" data-widget_type=\"heading.default\">\n\t\t\t\t<div class=\"elementor-widget-container\">\n\t\t\t\t\t<h2 class=\"elementor-heading-title elementor-size-default\">\u017dUPNI PASTORAL<\/h2>\t\t\t\t<\/div>\n\t\t\t\t<\/div>\n\t\t\t\t\t<\/div>\n\t\t<\/div>\n\t\t\t\t\t<\/div>\n\t\t<\/section>\n\t\t\t\t<section class=\"elementor-section elementor-top-section elementor-element elementor-element-6752e18b elementor-section-content-middle elementor-section-full_width elementor-section-height-min-height elementor-section-height-default elementor-section-items-middle\" data-id=\"6752e18b\" data-element_type=\"section\" data-e-type=\"section\">\n\t\t\t\t\t\t<div class=\"elementor-container elementor-column-gap-no\">\n\t\t\t\t\t<div class=\"elementor-column elementor-col-100 elementor-top-column elementor-element elementor-element-2638a0a3\" data-id=\"2638a0a3\" data-element_type=\"column\" data-e-type=\"column\">\n\t\t\t<div class=\"elementor-widget-wrap elementor-element-populated\">\n\t\t\t\t\t\t<div class=\"elementor-element elementor-element-5eab2514 elementor-widget-divider--view-line elementor-widget elementor-widget-divider\" data-id=\"5eab2514\" data-element_type=\"widget\" data-e-type=\"widget\" data-widget_type=\"divider.default\">\n\t\t\t\t<div class=\"elementor-widget-container\">\n\t\t\t\t\t\t\t<div class=\"elementor-divider\">\n\t\t\t<span class=\"elementor-divider-separator\">\n\t\t\t\t\t\t<\/span>\n\t\t<\/div>\n\t\t\t\t\t\t<\/div>\n\t\t\t\t<\/div>\n\t\t\t\t\t<\/div>\n\t\t<\/div>\n\t\t\t\t\t<\/div>\n\t\t<\/section>\n\t\t\t\t<section class=\"elementor-section elementor-top-section elementor-element elementor-element-d17c81b elementor-section-full_width elementor-section-height-default elementor-section-height-default\" data-id=\"d17c81b\" data-element_type=\"section\" data-e-type=\"section\">\n\t\t\t\t\t\t<div class=\"elementor-container elementor-column-gap-default\">\n\t\t\t\t\t<div class=\"elementor-column elementor-col-100 elementor-top-column elementor-element elementor-element-6d15046\" data-id=\"6d15046\" data-element_type=\"column\" data-e-type=\"column\">\n\t\t\t<div class=\"elementor-widget-wrap elementor-element-populated\">\n\t\t\t\t\t\t<section class=\"elementor-section elementor-inner-section elementor-element elementor-element-1dca48e elementor-section-full_width elementor-section-height-default elementor-section-height-default\" data-id=\"1dca48e\" data-element_type=\"section\" data-e-type=\"section\">\n\t\t\t\t\t\t<div class=\"elementor-container elementor-column-gap-default\">\n\t\t\t\t\t<div class=\"elementor-column elementor-col-33 elementor-inner-column elementor-element elementor-element-8f7dd9d\" data-id=\"8f7dd9d\" data-element_type=\"column\" data-e-type=\"column\">\n\t\t\t<div class=\"elementor-widget-wrap elementor-element-populated\">\n\t\t\t\t\t\t<div class=\"elementor-element elementor-element-4e4a538 elementor-widget elementor-widget-heading\" data-id=\"4e4a538\" data-element_type=\"widget\" data-e-type=\"widget\" data-widget_type=\"heading.default\">\n\t\t\t\t<div class=\"elementor-widget-container\">\n\t\t\t\t\t<h2 class=\"elementor-heading-title elementor-size-default\">ZBOR SION<\/h2>\t\t\t\t<\/div>\n\t\t\t\t<\/div>\n\t\t\t\t<div class=\"elementor-element elementor-element-beed89d elementor-widget elementor-widget-image\" data-id=\"beed89d\" data-element_type=\"widget\" data-e-type=\"widget\" data-widget_type=\"image.default\">\n\t\t\t\t<div class=\"elementor-widget-container\">\n\t\t\t\t\t\t\t\t\t\t\t\t\t\t\t<img fetchpriority=\"high\" decoding=\"async\" width=\"640\" height=\"357\" src=\"https:\/\/www.zupa-ubdm-biskupec.hr\/wp-content\/uploads\/2023\/06\/sion_m.jpg\" class=\"attachment-large size-large wp-image-4799\" alt=\"\" srcset=\"https:\/\/www.zupa-ubdm-biskupec.hr\/wp-content\/uploads\/2023\/06\/sion_m.jpg 800w, https:\/\/www.zupa-ubdm-biskupec.hr\/wp-content\/uploads\/2023\/06\/sion_m-300x167.jpg 300w, https:\/\/www.zupa-ubdm-biskupec.hr\/wp-content\/uploads\/2023\/06\/sion_m-768x428.jpg 768w\" sizes=\"(max-width: 640px) 100vw, 640px\" \/>\t\t\t\t\t\t\t\t\t\t\t\t\t\t\t<\/div>\n\t\t\t\t<\/div>\n\t\t\t\t<div class=\"elementor-element elementor-element-c9dcf9a elementor-widget elementor-widget-text-editor\" data-id=\"c9dcf9a\" data-element_type=\"widget\" data-e-type=\"widget\" data-widget_type=\"text-editor.default\">\n\t\t\t\t<div class=\"elementor-widget-container\">\n\t\t\t\t\t\t\t\t\t<p>Mje\u0161oviti pjeva\u010dki zbor \u201eSION\u201c obzirom na djelovanje, relativno je mladi zbor. Okupili su se na inicijativu tada\u0161njeg \u017eupnika, a sada umirovljenog, pre\u010dasnog gospodina Ivana Rakari\u0107a, 2010. godine, dan uo\u010di Bogojavljenja. Na taj blagdan 2010. godine po prvi su puta animirali \u017eupnu svetu misu.<\/p>\n<p>Glavni cilj postojanja i djelovanja ovog zbora je, prije svega, pjevanje, animiranje svete Mise na na\u010din na koji to zahtijeva liturgika, no \u010dlanovi zbora se osim navedenog trude njegovati i zdravi me\u0111uljudski odnos, promicati kr\u0161\u0107anske vrednote, te poticati \u017eupnu zajednicu na aktivno sudjelovanje u liturgijskom misnom slavlju.<\/p><p><br><\/p>\n<p>Zbor ima dvadesetak aktivnih \u010dlanova koji se okupljaju jednom, a po potrebi i dva puta tjedno na probama, a nastupaju pod vodstvom voditelja, An\u0111elka Tenka i uz pratnju orgulja\u0161a Mladena Inkreta.<\/p>\n<p>Uz redovne \u017eupne obaveze, zbor je aktivan i izvan kruga \u017eupe, kako pjeva\u010dki, tako i humanitarno.Ve\u0107 nekoliko puta zbor je posjetio i svojim pjevanjem razveselio \u0161ti\u0107enike domova za psihi\u010dki bolesne i nemo\u0107ne osobe u Jal\u017eabetu. Sudjelovali su na Festivalu sv. Cecilije u \u017eupi sv. Martina \u2013 Brezni\u010dki Hum, gostovali su i u \u017eupi Ma\u010dkovec uo\u010di mlade mise vl\u010d. Hrvoja Dami\u0161a, te vara\u017edinskoj franjeva\u010dkoj crkvi.<\/p><p><br><\/p>\n<p>Za\u0161to je zboru ime \u201eSION\u201c?<\/p>\n<p>Sion u Bibliji, to\u010dnije u Starom Zavjetu, predstavlja sveto brdo, na kojem je sagra\u0111en hram u kojem je prebivao Bog, te se objavljivao narodu preko svojih glasnika, proroka. Crkveni kor sa kojeg zbor pjeva je za nas sveto brdo sa kojeg mi preko pjesama prenosimo i navije\u0161tamo Bo\u017eju rije\u010d.<\/p><p><br><\/p>\n<p>Naravno, svatko, tko se \u017eeli pridru\u017eiti zboru i zajedno sa ostalim \u010dlanovima uzveli\u010dati misno slavlje, uvijek je dobrodo\u0161ao.<\/p><p><br><\/p><p>Probe su jednom tjedno (petak ili subota u ve\u010dernjim satima).<\/p>\t\t\t\t\t\t\t\t<\/div>\n\t\t\t\t<\/div>\n\t\t\t\t\t<\/div>\n\t\t<\/div>\n\t\t\t\t<div class=\"elementor-column elementor-col-33 elementor-inner-column elementor-element elementor-element-36308ea\" data-id=\"36308ea\" data-element_type=\"column\" data-e-type=\"column\">\n\t\t\t<div class=\"elementor-widget-wrap elementor-element-populated\">\n\t\t\t\t\t\t<div class=\"elementor-element elementor-element-2c79f8c elementor-widget elementor-widget-heading\" data-id=\"2c79f8c\" data-element_type=\"widget\" data-e-type=\"widget\" data-widget_type=\"heading.default\">\n\t\t\t\t<div class=\"elementor-widget-container\">\n\t\t\t\t\t<h2 class=\"elementor-heading-title elementor-size-default\"><strong>D<\/strong>JE\u010cJI PJEVA\u010cKI ZBOR \"MARIJINA DJE\u010cICA\"<\/h2>\t\t\t\t<\/div>\n\t\t\t\t<\/div>\n\t\t\t\t<div class=\"elementor-element elementor-element-7ff48ae elementor-widget elementor-widget-image\" data-id=\"7ff48ae\" data-element_type=\"widget\" data-e-type=\"widget\" data-widget_type=\"image.default\">\n\t\t\t\t<div class=\"elementor-widget-container\">\n\t\t\t\t\t\t\t\t\t\t\t\t\t\t\t<img decoding=\"async\" width=\"640\" height=\"357\" src=\"https:\/\/www.zupa-ubdm-biskupec.hr\/wp-content\/uploads\/2023\/06\/marijina_djecica_m.jpg\" class=\"attachment-large size-large wp-image-4795\" alt=\"\" srcset=\"https:\/\/www.zupa-ubdm-biskupec.hr\/wp-content\/uploads\/2023\/06\/marijina_djecica_m.jpg 800w, https:\/\/www.zupa-ubdm-biskupec.hr\/wp-content\/uploads\/2023\/06\/marijina_djecica_m-300x167.jpg 300w, https:\/\/www.zupa-ubdm-biskupec.hr\/wp-content\/uploads\/2023\/06\/marijina_djecica_m-768x428.jpg 768w\" sizes=\"(max-width: 640px) 100vw, 640px\" \/>\t\t\t\t\t\t\t\t\t\t\t\t\t\t\t<\/div>\n\t\t\t\t<\/div>\n\t\t\t\t<div class=\"elementor-element elementor-element-6963140 elementor-widget elementor-widget-text-editor\" data-id=\"6963140\" data-element_type=\"widget\" data-e-type=\"widget\" data-widget_type=\"text-editor.default\">\n\t\t\t\t<div class=\"elementor-widget-container\">\n\t\t\t\t\t\t\t\t\t<p>.<\/p>\t\t\t\t\t\t\t\t<\/div>\n\t\t\t\t<\/div>\n\t\t\t\t\t<\/div>\n\t\t<\/div>\n\t\t\t\t<div class=\"elementor-column elementor-col-33 elementor-inner-column elementor-element elementor-element-0cfbef3\" data-id=\"0cfbef3\" data-element_type=\"column\" data-e-type=\"column\">\n\t\t\t<div class=\"elementor-widget-wrap elementor-element-populated\">\n\t\t\t\t\t\t<div class=\"elementor-element elementor-element-79e3799 elementor-widget elementor-widget-heading\" data-id=\"79e3799\" data-element_type=\"widget\" data-e-type=\"widget\" data-widget_type=\"heading.default\">\n\t\t\t\t<div class=\"elementor-widget-container\">\n\t\t\t\t\t<h2 class=\"elementor-heading-title elementor-size-default\"><strong>Z<\/strong>BOR MLADIH \"APOSTOLI NADE\"<\/h2>\t\t\t\t<\/div>\n\t\t\t\t<\/div>\n\t\t\t\t<div class=\"elementor-element elementor-element-bef07e5 elementor-widget elementor-widget-text-editor\" data-id=\"bef07e5\" data-element_type=\"widget\" data-e-type=\"widget\" data-widget_type=\"text-editor.default\">\n\t\t\t\t<div class=\"elementor-widget-container\">\n\t\t\t\t\t\t\t\t\t<p>Zbor &#8220;Apostoli nade&#8221; osnovan je 2018. godine. Svake nedjelje predvode pjevanje za vrijeme poldanje mise. Osim misnog repertoara, mladi uvje\u017ebavaju i mnoge pjesme duhovnoga sadr\u017eaja.<\/p><p>\u00a0<\/p><p>Slavljenje, zahvaljivanje i ljubav su glavni temelj njihovog zajedni\u0161tva. Svima prisutnima, a posebice mladima u \u017eupi pa i izvan nje poru\u010duju sljede\u0107e: \u201eLjubav treba biti vidljiva u djelovanju, pona\u0161anju, odnosu prema bli\u017enjem svojem, a ne samo u rije\u010dima!\u201c I kao \u0161to se psalmista pjesni\u010dki izrazio u psalmu 150., tako i mladi \u010dlanovi ovog zbora izra\u017eavaju svoje odu\u0161evljenje za Boga: \u201eSlavljenje i hvaljenje je najva\u017enija vrsta glazbe u Bo\u017ejem Kraljevstvu. Sve \u0107e nestati i jedino \u0161to \u0107e ostati je upravo slavljenje i hvaljenje. Slaviti Boga ne bismo trebali samo u crkvi, ve\u0107 gdje god da se nalazimo. Ne bismo Ga trebali slaviti samo u neko posebno vrijeme, kada se dobro osje\u0107amo i kada nemamo nikakvih problema, ve\u0107 da Ga slavimo i kada se osje\u0107amo lo\u0161e. Ne bismo smjeli slaviti Boga samo kada ne\u0161to od Njega primimo, ve\u0107 Ga trebamo slaviti i za ono \u0161to On jest: Stvoritelj, Vladar, Spasitelj, Ljubav, Milost\u2026\u201c<\/p><p>\u00a0<\/p><p>\u010clanovi zbora abecednim redom:<\/p><p>Sara Bencek<br \/>Valentina Beli<br \/>Filip Blagu\u0161ki<br \/>Rebeka Blagu\u0161ki<br \/>Ivana Conar<br \/>Anja Golubar<br \/>Leona Hanj\u0161<br \/>Natalija Hanj\u0161<br \/>Nikolina Hanj\u0161<br \/>Mladen Inkret<br \/>Florijan Kli\u010dek<br \/>Andrija Ku\u010dar<br \/>Jan Ku\u0161\u0107er<br \/>Melani Makovec<br \/>Leona Novak<br \/>Sara Pavlovi\u0107<br \/>Luka Posavec<br \/>Ines Siro\u010di\u0107<br \/>Viktor Sokol<br \/>Leona \u0160anjek<br \/>Lucija Turkalj<\/p><p>\u00a0<\/p><p>Zbor trenutno ne djeluje.<\/p>\t\t\t\t\t\t\t\t<\/div>\n\t\t\t\t<\/div>\n\t\t\t\t\t<\/div>\n\t\t<\/div>\n\t\t\t\t\t<\/div>\n\t\t<\/section>\n\t\t\t\t\t<\/div>\n\t\t<\/div>\n\t\t\t\t\t<\/div>\n\t\t<\/section>\n\t\t\t\t<section class=\"elementor-section elementor-top-section elementor-element elementor-element-f5367c0 elementor-section-full_width elementor-section-height-default elementor-section-height-default\" data-id=\"f5367c0\" data-element_type=\"section\" data-e-type=\"section\">\n\t\t\t\t\t\t<div class=\"elementor-container elementor-column-gap-default\">\n\t\t\t\t\t<div class=\"elementor-column elementor-col-100 elementor-top-column elementor-element elementor-element-abeb57e\" data-id=\"abeb57e\" data-element_type=\"column\" data-e-type=\"column\">\n\t\t\t<div class=\"elementor-widget-wrap elementor-element-populated\">\n\t\t\t\t\t\t<section class=\"elementor-section elementor-inner-section elementor-element elementor-element-dca0830 elementor-section-full_width elementor-section-height-default elementor-section-height-default\" data-id=\"dca0830\" data-element_type=\"section\" data-e-type=\"section\">\n\t\t\t\t\t\t<div class=\"elementor-container elementor-column-gap-default\">\n\t\t\t\t\t<div class=\"elementor-column elementor-col-33 elementor-inner-column elementor-element elementor-element-38c946d\" data-id=\"38c946d\" data-element_type=\"column\" data-e-type=\"column\">\n\t\t\t<div class=\"elementor-widget-wrap elementor-element-populated\">\n\t\t\t\t\t\t<div class=\"elementor-element elementor-element-e006e96 elementor-widget elementor-widget-heading\" data-id=\"e006e96\" data-element_type=\"widget\" data-e-type=\"widget\" data-widget_type=\"heading.default\">\n\t\t\t\t<div class=\"elementor-widget-container\">\n\t\t\t\t\t<h2 class=\"elementor-heading-title elementor-size-default\">MOLITVENA ZAJEDNICA<\/h2>\t\t\t\t<\/div>\n\t\t\t\t<\/div>\n\t\t\t\t<div class=\"elementor-element elementor-element-dd15853 elementor-widget elementor-widget-text-editor\" data-id=\"dd15853\" data-element_type=\"widget\" data-e-type=\"widget\" data-widget_type=\"text-editor.default\">\n\t\t\t\t<div class=\"elementor-widget-container\">\n\t\t\t\t\t\t\t\t\t<p>.<\/p>\t\t\t\t\t\t\t\t<\/div>\n\t\t\t\t<\/div>\n\t\t\t\t\t<\/div>\n\t\t<\/div>\n\t\t\t\t<div class=\"elementor-column elementor-col-33 elementor-inner-column elementor-element elementor-element-4b434f0\" data-id=\"4b434f0\" data-element_type=\"column\" data-e-type=\"column\">\n\t\t\t<div class=\"elementor-widget-wrap elementor-element-populated\">\n\t\t\t\t\t\t<div class=\"elementor-element elementor-element-16a145a elementor-widget elementor-widget-heading\" data-id=\"16a145a\" data-element_type=\"widget\" data-e-type=\"widget\" data-widget_type=\"heading.default\">\n\t\t\t\t<div class=\"elementor-widget-container\">\n\t\t\t\t\t<h2 class=\"elementor-heading-title elementor-size-default\"><strong>K<\/strong>ATEHEZE ZA ODRASLE<\/h2>\t\t\t\t<\/div>\n\t\t\t\t<\/div>\n\t\t\t\t<div class=\"elementor-element elementor-element-0fe4ca5 elementor-widget elementor-widget-text-editor\" data-id=\"0fe4ca5\" data-element_type=\"widget\" data-e-type=\"widget\" data-widget_type=\"text-editor.default\">\n\t\t\t\t<div class=\"elementor-widget-container\">\n\t\t\t\t\t\t\t\t\t<p>.<\/p>\t\t\t\t\t\t\t\t<\/div>\n\t\t\t\t<\/div>\n\t\t\t\t\t<\/div>\n\t\t<\/div>\n\t\t\t\t<div class=\"elementor-column elementor-col-33 elementor-inner-column elementor-element elementor-element-c7d81ea\" data-id=\"c7d81ea\" data-element_type=\"column\" data-e-type=\"column\">\n\t\t\t<div class=\"elementor-widget-wrap elementor-element-populated\">\n\t\t\t\t\t\t<div class=\"elementor-element elementor-element-05bb58d elementor-widget elementor-widget-heading\" data-id=\"05bb58d\" data-element_type=\"widget\" data-e-type=\"widget\" data-widget_type=\"heading.default\">\n\t\t\t\t<div class=\"elementor-widget-container\">\n\t\t\t\t\t<h2 class=\"elementor-heading-title elementor-size-default\"><strong>O<\/strong>BITELJSKA I BRA\u010cNA ZAJEDNICA<\/h2>\t\t\t\t<\/div>\n\t\t\t\t<\/div>\n\t\t\t\t<div class=\"elementor-element elementor-element-595c97f elementor-widget elementor-widget-text-editor\" data-id=\"595c97f\" data-element_type=\"widget\" data-e-type=\"widget\" data-widget_type=\"text-editor.default\">\n\t\t\t\t<div class=\"elementor-widget-container\">\n\t\t\t\t\t\t\t\t\t<p>.<\/p>\t\t\t\t\t\t\t\t<\/div>\n\t\t\t\t<\/div>\n\t\t\t\t\t<\/div>\n\t\t<\/div>\n\t\t\t\t\t<\/div>\n\t\t<\/section>\n\t\t\t\t<section class=\"elementor-section elementor-inner-section elementor-element elementor-element-d5f6d2e elementor-section-full_width elementor-section-height-default elementor-section-height-default\" data-id=\"d5f6d2e\" data-element_type=\"section\" data-e-type=\"section\">\n\t\t\t\t\t\t<div class=\"elementor-container elementor-column-gap-default\">\n\t\t\t\t\t<div class=\"elementor-column elementor-col-33 elementor-inner-column elementor-element elementor-element-e42e22a\" data-id=\"e42e22a\" data-element_type=\"column\" data-e-type=\"column\">\n\t\t\t<div class=\"elementor-widget-wrap elementor-element-populated\">\n\t\t\t\t\t\t<div class=\"elementor-element elementor-element-5f890d3 elementor-widget elementor-widget-heading\" data-id=\"5f890d3\" data-element_type=\"widget\" data-e-type=\"widget\" data-widget_type=\"heading.default\">\n\t\t\t\t<div class=\"elementor-widget-container\">\n\t\t\t\t\t<h2 class=\"elementor-heading-title elementor-size-default\">ZAJEDNICA MLADIH<\/h2>\t\t\t\t<\/div>\n\t\t\t\t<\/div>\n\t\t\t\t<div class=\"elementor-element elementor-element-37d194d elementor-widget elementor-widget-text-editor\" data-id=\"37d194d\" data-element_type=\"widget\" data-e-type=\"widget\" data-widget_type=\"text-editor.default\">\n\t\t\t\t<div class=\"elementor-widget-container\">\n\t\t\t\t\t\t\t\t\t<p>.<\/p>\t\t\t\t\t\t\t\t<\/div>\n\t\t\t\t<\/div>\n\t\t\t\t\t<\/div>\n\t\t<\/div>\n\t\t\t\t<div class=\"elementor-column elementor-col-33 elementor-inner-column elementor-element elementor-element-b3b92f7\" data-id=\"b3b92f7\" data-element_type=\"column\" data-e-type=\"column\">\n\t\t\t<div class=\"elementor-widget-wrap elementor-element-populated\">\n\t\t\t\t\t\t<div class=\"elementor-element elementor-element-e90d61f elementor-widget elementor-widget-heading\" data-id=\"e90d61f\" data-element_type=\"widget\" data-e-type=\"widget\" data-widget_type=\"heading.default\">\n\t\t\t\t<div class=\"elementor-widget-container\">\n\t\t\t\t\t<h2 class=\"elementor-heading-title elementor-size-default\"><strong>M<\/strong>INISTRANTI<\/h2>\t\t\t\t<\/div>\n\t\t\t\t<\/div>\n\t\t\t\t<div class=\"elementor-element elementor-element-87740ed elementor-widget elementor-widget-text-editor\" data-id=\"87740ed\" data-element_type=\"widget\" data-e-type=\"widget\" data-widget_type=\"text-editor.default\">\n\t\t\t\t<div class=\"elementor-widget-container\">\n\t\t\t\t\t\t\t\t\t<p>.<\/p>\t\t\t\t\t\t\t\t<\/div>\n\t\t\t\t<\/div>\n\t\t\t\t\t<\/div>\n\t\t<\/div>\n\t\t\t\t<div class=\"elementor-column elementor-col-33 elementor-inner-column elementor-element elementor-element-7313035\" data-id=\"7313035\" data-element_type=\"column\" data-e-type=\"column\">\n\t\t\t<div class=\"elementor-widget-wrap elementor-element-populated\">\n\t\t\t\t\t\t<div class=\"elementor-element elementor-element-7527d38 elementor-widget elementor-widget-heading\" data-id=\"7527d38\" data-element_type=\"widget\" data-e-type=\"widget\" data-widget_type=\"heading.default\">\n\t\t\t\t<div class=\"elementor-widget-container\">\n\t\t\t\t\t<h2 class=\"elementor-heading-title elementor-size-default\">DJE\u010cJA IGRAONICA \"MARIJINE ZVJEZDICE\"<\/h2>\t\t\t\t<\/div>\n\t\t\t\t<\/div>\n\t\t\t\t<div class=\"elementor-element elementor-element-892f56f elementor-widget elementor-widget-text-editor\" data-id=\"892f56f\" data-element_type=\"widget\" data-e-type=\"widget\" data-widget_type=\"text-editor.default\">\n\t\t\t\t<div class=\"elementor-widget-container\">\n\t\t\t\t\t\t\t\t\t<p>Dje\u010dja igraonica \u201cMarijine zvijezdice\u201d djeluje u na\u0161oj \u017eupi pod vodstvom u\u010diteljice Ivane i vjerou\u010diteljice Marine. Okupljaju se svakog petka u vremeneu od 17:30 do 18:30 sati. Zvjezdice se igraju, crtaju, re\u017eu, lijepe, oblikuju, u\u010de moliti, pjevati, plesati\u2026<\/p><p><br><\/p><p>Pogledajte samo djeli\u0107 igara i stvarala\u0161tva \u010dlanova dje\u010dje igraonice, ako vam se svidi, a imate godina koliko i Marijine zvjezdice (od 2 do 10) slobodno im se pridru\u017eite u prostorijama \u017eupne dvorane.<\/p>\t\t\t\t\t\t\t\t<\/div>\n\t\t\t\t<\/div>\n\t\t\t\t<div class=\"elementor-element elementor-element-a246180 elementor-widget elementor-widget-video\" data-id=\"a246180\" data-element_type=\"widget\" data-e-type=\"widget\" data-settings=\"{&quot;youtube_url&quot;:&quot;https:\\\/\\\/www.youtube.com\\\/watch?v=akDWUwys-EA&quot;,&quot;video_type&quot;:&quot;youtube&quot;,&quot;controls&quot;:&quot;yes&quot;}\" data-widget_type=\"video.default\">\n\t\t\t\t<div class=\"elementor-widget-container\">\n\t\t\t\t\t\t\t<div class=\"elementor-wrapper elementor-open-inline\">\n\t\t\t<div class=\"elementor-video\"><\/div>\t\t<\/div>\n\t\t\t\t\t\t<\/div>\n\t\t\t\t<\/div>\n\t\t\t\t\t<\/div>\n\t\t<\/div>\n\t\t\t\t\t<\/div>\n\t\t<\/section>\n\t\t\t\t\t<\/div>\n\t\t<\/div>\n\t\t\t\t\t<\/div>\n\t\t<\/section>\n\t\t\t\t<section class=\"elementor-section elementor-top-section elementor-element elementor-element-425e2e18 elementor-section-full_width elementor-section-height-default elementor-section-height-default\" data-id=\"425e2e18\" data-element_type=\"section\" data-e-type=\"section\">\n\t\t\t\t\t\t<div class=\"elementor-container elementor-column-gap-no\">\n\t\t\t\t\t<div class=\"elementor-column elementor-col-100 elementor-top-column elementor-element elementor-element-2bb55580\" data-id=\"2bb55580\" data-element_type=\"column\" data-e-type=\"column\">\n\t\t\t<div class=\"elementor-widget-wrap elementor-element-populated\">\n\t\t\t\t\t\t<div class=\"elementor-element elementor-element-7bee9b56 elementor-widget-divider--view-line elementor-widget elementor-widget-divider\" data-id=\"7bee9b56\" data-element_type=\"widget\" data-e-type=\"widget\" data-widget_type=\"divider.default\">\n\t\t\t\t<div class=\"elementor-widget-container\">\n\t\t\t\t\t\t\t<div class=\"elementor-divider\">\n\t\t\t<span class=\"elementor-divider-separator\">\n\t\t\t\t\t\t<\/span>\n\t\t<\/div>\n\t\t\t\t\t\t<\/div>\n\t\t\t\t<\/div>\n\t\t\t\t\t<\/div>\n\t\t<\/div>\n\t\t\t\t\t<\/div>\n\t\t<\/section>\n\t\t\t\t<section class=\"elementor-section elementor-top-section elementor-element elementor-element-5ac1586 elementor-section-boxed elementor-section-height-default elementor-section-height-default\" data-id=\"5ac1586\" data-element_type=\"section\" data-e-type=\"section\">\n\t\t\t\t\t\t<div class=\"elementor-container elementor-column-gap-default\">\n\t\t\t\t\t<div class=\"elementor-column elementor-col-100 elementor-top-column elementor-element elementor-element-f68e7fb\" data-id=\"f68e7fb\" data-element_type=\"column\" data-e-type=\"column\">\n\t\t\t<div class=\"elementor-widget-wrap\">\n\t\t\t\t\t\t\t<\/div>\n\t\t<\/div>\n\t\t\t\t\t<\/div>\n\t\t<\/section>\n\t\t\t\t<\/div>\n\t\t","protected":false},"excerpt":{"rendered":"<p>\u017dUPNI PASTORAL ZBOR SION Mje\u0161oviti pjeva\u010dki zbor \u201eSION\u201c obzirom na djelovanje, relativno je mladi zbor. Okupili su se na [&hellip;]<\/p>\n","protected":false},"author":1,"featured_media":0,"parent":0,"menu_order":0,"comment_status":"closed","ping_status":"open","template":"elementor_header_footer","meta":{"footnotes":""},"class_list":["post-37","page","type-page","status-publish","hentry"],"aioseo_notices":[],"_links":{"self":[{"href":"https:\/\/www.zupa-ubdm-biskupec.hr\/index.php?rest_route=\/wp\/v2\/pages\/37","targetHints":{"allow":["GET"]}}],"collection":[{"href":"https:\/\/www.zupa-ubdm-biskupec.hr\/index.php?rest_route=\/wp\/v2\/pages"}],"about":[{"href":"https:\/\/www.zupa-ubdm-biskupec.hr\/index.php?rest_route=\/wp\/v2\/types\/page"}],"author":[{"embeddable":true,"href":"https:\/\/www.zupa-ubdm-biskupec.hr\/index.php?rest_route=\/wp\/v2\/users\/1"}],"replies":[{"embeddable":true,"href":"https:\/\/www.zupa-ubdm-biskupec.hr\/index.php?rest_route=%2Fwp%2Fv2%2Fcomments&post=37"}],"version-history":[{"count":56,"href":"https:\/\/www.zupa-ubdm-biskupec.hr\/index.php?rest_route=\/wp\/v2\/pages\/37\/revisions"}],"predecessor-version":[{"id":7488,"href":"https:\/\/www.zupa-ubdm-biskupec.hr\/index.php?rest_route=\/wp\/v2\/pages\/37\/revisions\/7488"}],"wp:attachment":[{"href":"https:\/\/www.zupa-ubdm-biskupec.hr\/index.php?rest_route=%2Fwp%2Fv2%2Fmedia&parent=37"}],"curies":[{"name":"wp","href":"https:\/\/api.w.org\/{rel}","templated":true}]}}