


{"id":1525,"date":"2015-09-07T15:45:03","date_gmt":"2015-09-07T13:45:03","guid":{"rendered":"http:\/\/www.zupa-ubdm-biskupec.hr\/?page_id=1525"},"modified":"2024-01-03T09:23:33","modified_gmt":"2024-01-03T08:23:33","slug":"mva-biskupec","status":"publish","type":"page","link":"https:\/\/www.zupa-ubdm-biskupec.hr\/?page_id=1525","title":{"rendered":"MVA Bi\u0161kupec"},"content":{"rendered":"<p><div style=\"width: 456px\" class=\"wp-caption aligncenter\"><a href=\"\/images\/zborovi\/mva_biskupec_m.jpg\"><img fetchpriority=\"high\" decoding=\"async\" src=\"\/images\/zborovi\/mva_biskupec_m.jpg\" alt=\"\" width=\"446\" height=\"800\" \/><\/a><p class=\"wp-caption-text\">Slika 1. Mu\u0161ki vokalni ansambl &#8220;Bi\u0161kupec&#8221;<\/p><\/div><br \/>\n<strong>\u010clanovi:<\/strong><br \/>\nTenko An\u0111elko<br \/>\nTenko Filip<br \/>\nCika\u010d Sebastijan<br \/>\nDodlek Tomislav<br \/>\nTenko Martin<br \/>\nSontor Franjo<br \/>\nCepanec Krunoslav<br \/>\nValjak Josip<br \/>\nDreven Josip<br \/>\nHr\u017eenjak Nikola<br \/>\nDolovski Filip<br \/>\nConar Sini\u0161a<\/p>\n","protected":false},"excerpt":{"rendered":"<p>\u010clanovi: Tenko An\u0111elko Tenko Filip Cika\u010d Sebastijan Dodlek Tomislav Tenko Martin Sontor Franjo Cepanec Krunoslav Valjak Josip Dreven Josip [&hellip;]<\/p>\n","protected":false},"author":1,"featured_media":0,"parent":0,"menu_order":0,"comment_status":"closed","ping_status":"closed","template":"elementor_header_footer","meta":{"footnotes":""},"class_list":["post-1525","page","type-page","status-publish","hentry"],"aioseo_notices":[],"_links":{"self":[{"href":"https:\/\/www.zupa-ubdm-biskupec.hr\/index.php?rest_route=\/wp\/v2\/pages\/1525","targetHints":{"allow":["GET"]}}],"collection":[{"href":"https:\/\/www.zupa-ubdm-biskupec.hr\/index.php?rest_route=\/wp\/v2\/pages"}],"about":[{"href":"https:\/\/www.zupa-ubdm-biskupec.hr\/index.php?rest_route=\/wp\/v2\/types\/page"}],"author":[{"embeddable":true,"href":"https:\/\/www.zupa-ubdm-biskupec.hr\/index.php?rest_route=\/wp\/v2\/users\/1"}],"replies":[{"embeddable":true,"href":"https:\/\/www.zupa-ubdm-biskupec.hr\/index.php?rest_route=%2Fwp%2Fv2%2Fcomments&post=1525"}],"version-history":[{"count":3,"href":"https:\/\/www.zupa-ubdm-biskupec.hr\/index.php?rest_route=\/wp\/v2\/pages\/1525\/revisions"}],"predecessor-version":[{"id":1569,"href":"https:\/\/www.zupa-ubdm-biskupec.hr\/index.php?rest_route=\/wp\/v2\/pages\/1525\/revisions\/1569"}],"wp:attachment":[{"href":"https:\/\/www.zupa-ubdm-biskupec.hr\/index.php?rest_route=%2Fwp%2Fv2%2Fmedia&parent=1525"}],"curies":[{"name":"wp","href":"https:\/\/api.w.org\/{rel}","templated":true}]}}